{"id":332,"date":"2020-08-24T16:16:06","date_gmt":"2020-08-24T16:16:06","guid":{"rendered":"http:\/\/205.204.68.77\/~domlex\/terms-of-use\/"},"modified":"2020-09-17T19:07:14","modified_gmt":"2020-09-17T19:07:14","slug":"conditions-utilisation","status":"publish","type":"page","link":"https:\/\/domlex.ca\/fr\/conditions-utilisation\/","title":{"rendered":"Conditions d&rsquo;utilisation"},"content":{"rendered":"\n<p><strong>Introduction<\/strong><br>Bienvenue sur le site Internet de Domlex Inc. (www.domlex.ca). En naviguant dans notre site Internet, vous acceptez les modalit\u00e9s et conditions d\u2019utilisation qui suivent. Si telle n\u2019est pas votre intention, veuillez quitter le site.<\/p>\n\n\n\n<p><strong>Avis de propri\u00e9t\u00e9 intellectuelle<\/strong><br>Le site Internet de Domlex Inc. ainsi que tout le contenu qui y est diffus\u00e9 ou auquel il donne acc\u00e8s sont prot\u00e9g\u00e9s par des droits d\u2019auteur. Toute adaptation ou diffusion en sont interdites \u00e0 moins d\u2019avoir pr\u00e9alablement obtenu l\u2019autorisation de le faire.<\/p>\n\n\n\n<p><strong>Exclusion de responsabilit\u00e9<\/strong><br>Domlex Inc. n\u2019offre aucune garantie quant \u00e0 l\u2019exactitude, la pertinence ou la fiabilit\u00e9 du contenu du site Internet, ni en ce qui a trait aux erreurs ou aux omissions qu\u2019il pourrait contenir. En aucun cas l\u2019information contenue sur le site Internet ne peut \u00eatre interpr\u00e9t\u00e9e comme \u00e9tant un avis juridique. Domlex Inc. d\u00e9cline toute responsabilit\u00e9 quant \u00e0 l\u2019usage qui en est fait.<\/p>\n\n\n\n<p><strong>Protection des renseignements personnels<\/strong><br>Domlex Inc. respecte votre droit \u00e0 la protection des renseignements personnels, conform\u00e9ment aux lois du Qu\u00e9bec et du Canada sur la protection de la vie priv\u00e9e.<\/p>\n\n\n\n<p>Domlex Inc. peut \u00eatre appel\u00e9e \u00e0 recueillir des renseignements personnels \u00e0 votre sujet. Ces renseignements personnels sont utilis\u00e9s exclusivement par Domlex Inc. pour communiquer avec vous, vous fournir les services ou les renseignements que vous avez demand\u00e9s ou vous transmettre des informations susceptibles de vous int\u00e9resser. Domlex Inc. ne se servira des renseignements personnels qu\u2019\u00e0 ces fins, \u00e0 moins d\u2019avoir obtenu votre consentement. Si vous ne d\u00e9sirez pas recevoir de l\u2019information suppl\u00e9mentaire, vous pouvez nous le faire savoir en communiquant avec nous.<\/p>\n","protected":false},"excerpt":{"rendered":"<p>IntroductionBienvenue sur le site Internet de Domlex Inc. (www.domlex.ca). En naviguant dans notre site Internet, vous acceptez les modalit\u00e9s et conditions d\u2019utilisation qui suivent. Si telle n\u2019est pas votre intention, veuillez quitter le site. Avis de propri\u00e9t\u00e9 intellectuelleLe site Internet de Domlex Inc. ainsi que tout le contenu qui y est diffus\u00e9 ou auquel il [&hellip;]<\/p>\n","protected":false},"author":1,"featured_media":0,"parent":0,"menu_order":0,"comment_status":"closed","ping_status":"closed","template":"","meta":{"_acf_changed":false,"footnotes":""},"class_list":["post-332","page","type-page","status-publish","hentry"],"acf":[],"_links":{"self":[{"href":"https:\/\/domlex.ca\/fr\/wp-json\/wp\/v2\/pages\/332","targetHints":{"allow":["GET"]}}],"collection":[{"href":"https:\/\/domlex.ca\/fr\/wp-json\/wp\/v2\/pages"}],"about":[{"href":"https:\/\/domlex.ca\/fr\/wp-json\/wp\/v2\/types\/page"}],"author":[{"embeddable":true,"href":"https:\/\/domlex.ca\/fr\/wp-json\/wp\/v2\/users\/1"}],"replies":[{"embeddable":true,"href":"https:\/\/domlex.ca\/fr\/wp-json\/wp\/v2\/comments?post=332"}],"version-history":[{"count":7,"href":"https:\/\/domlex.ca\/fr\/wp-json\/wp\/v2\/pages\/332\/revisions"}],"predecessor-version":[{"id":481,"href":"https:\/\/domlex.ca\/fr\/wp-json\/wp\/v2\/pages\/332\/revisions\/481"}],"wp:attachment":[{"href":"https:\/\/domlex.ca\/fr\/wp-json\/wp\/v2\/media?parent=332"}],"curies":[{"name":"wp","href":"https:\/\/api.w.org\/{rel}","templated":true}]}}